{"id":8432,"date":"2025-02-05T20:37:44","date_gmt":"2025-02-05T19:37:44","guid":{"rendered":"http:\/\/vitafyra.com\/?page_id=8432"},"modified":"2026-03-25T13:02:02","modified_gmt":"2026-03-25T12:02:02","slug":"datenschutz","status":"publish","type":"page","link":"http:\/\/vitafyra.com\/?page_id=8432","title":{"rendered":"Datenschutz"},"content":{"rendered":"<p><b>Datenschutz<\/b><\/p>\n<p><b>DATENSCHUTZERKL\u00c4RUNG<\/b><\/p>\n<p><b>\u00a7 1 Allgemeines<\/b><\/p>\n<p>Ihre personenbezogenen Daten (z.\u202fB. Anrede, Name, Anschrift, E-Mail-Adresse, Telefonnummer, Bankverbindung, Kreditkartennummer) werden von uns nur gem\u00e4\u00df den Bestimmungen der Datenschutz-Grundverordnung (DSGVO)sowie weiterer anwendbarer datenschutzrechtlicher Vorschriften der Europ\u00e4ischen Union und ggf. nationaler Gesetze verarbeitet. Die nachfolgenden Vorschriften informieren Sie \u00fcber die Verarbeitungszwecke, Empf\u00e4nger, Rechtsgrundlagen und Speicherfristen sowie \u00fcber Ihre Rechte und den Verantwortlichen f\u00fcr die Datenverarbeitung.<\/p>\n<p>Diese Datenschutzerkl\u00e4rung bezieht sich nur auf unsere Webseiten. Falls Sie \u00fcber Links auf unseren Seiten auf andere Seiten weitergeleitet werden, informieren Sie sich bitte dort \u00fcber den jeweiligen Umgang mit Ihren Daten.<\/p>\n<p><b>\u00a7 2 Datenverarbeitung zur Vertragserf\u00fcllung<\/b><\/p>\n<p>(1) Verarbeitungszweck<br \/>\nIhre personenbezogenen Daten, die Sie uns im Bestellprozess zur Verf\u00fcgung stellen, sind f\u00fcr einen Vertragsabschluss mit uns erforderlich. Sie sind nicht verpflichtet, Ihre personenbezogenen Daten bereitzustellen, allerdings k\u00f6nnen wir ohne Ihre Anschrift die Ware nicht zustellen. Bei einigen Bezahlverfahren ben\u00f6tigen wir die erforderlichen Bezahldaten, um sie an einen von uns beauftragten Zahlungsdienstleister weiterzugeben. Die Verarbeitung Ihrer im Bestellprozess eingegebenen Daten erfolgt somit zum Zweck der Vertragserf\u00fcllung.<\/p>\n<p>Wenn Sie uns vor Vertragsschluss per E-Mail, \u00fcber ein Kontaktformular oder auf anderem Wege eine Anfrage stellen, verarbeiten wir die auf diesem Weg erhaltenen Daten zur Durchf\u00fchrung vorvertraglicher Ma\u00dfnahmen (z.\u202fB. Beantwortung Ihrer Fragen zu unseren Produkten).<\/p>\n<p>(2) Rechtsgrundlage<br \/>\nRechtsgrundlage f\u00fcr diese Verarbeitung ist Art.\u202f6 Abs.\u202f1\u202fb) DSGVO (Erf\u00fcllung eines Vertrags oder vorvertraglicher Ma\u00dfnahmen).<\/p>\n<p>(3) Empf\u00e4ngerkategorien<\/p>\n<ul>\n<li>Zahlungsdienstleister<\/li>\n<li>Versanddienstleister<\/li>\n<li>Hostinganbieter<\/li>\n<li>Ggf. Warenwirtschaftssystem<\/li>\n<li>Ggf. Lieferanten (Dropshipping)<\/li>\n<\/ul>\n<p>(4) Speicherdauer<\/p>\n<ul>\n<li>Die zur Vertragsabwicklung erforderlichen Daten speichern wir bis zum Ablauf der gesetzlichen Gew\u00e4hrleistungs- und ggf. vertraglichen Garantiefristen.<\/li>\n<li>Die nach Handels- und Steuerrecht erforderlichen Daten bewahren wir f\u00fcr die gesetzlich bestimmten Zeitr\u00e4ume (i.\u202fd.\u202fR. zehn Jahre) auf.<\/li>\n<li>Die zur Durchf\u00fchrung vorvertraglicher Ma\u00dfnahmen verarbeiteten Daten werden gel\u00f6scht, sobald die Ma\u00dfnahmen durchgef\u00fchrt wurden und es erkennbar nicht zu einem Vertragsschluss kommt.<\/li>\n<\/ul>\n<p><b>\u00a7 3 Informationen \u00fcber Cookies<\/b><\/p>\n<p>(1) Verarbeitungszweck<br \/>\nAuf dieser Webseite werden technisch notwendige Cookies eingesetzt. Dabei handelt es sich um kleine Textdateien, die Ihr Browser auf Ihrem Endger\u00e4t speichert. Diese Cookies erm\u00f6glichen z.\u202fB. das Einlegen mehrerer Produkte in einen Warenkorb.<\/p>\n<p>(2) Rechtsgrundlage<br \/>\nRechtsgrundlage f\u00fcr diese Verarbeitung ist Art.\u202f6 Abs.\u202f1\u202ff) DSGVO.<\/p>\n<p>(3) Berechtigtes Interesse<br \/>\nUnser berechtigtes Interesse ist die Funktionsf\u00e4higkeit unserer Webseite. Die durch technisch notwendige Cookies erhobenen Nutzerdaten werden nicht zur Erstellung von Nutzerprofilen verwendet und dienen ausschlie\u00dflich dem technischen Betrieb.<\/p>\n<p>(4) Speicherdauer<\/p>\n<ul>\n<li>Die technisch notwendigen Cookies werden im Regelfall mit dem Schlie\u00dfen des Browsers gel\u00f6scht.<\/li>\n<li>Dauerhaft gespeicherte Cookies k\u00f6nnen eine unterschiedlich lange Lebensdauer haben (von wenigen Minuten bis zu mehreren Jahren).<\/li>\n<\/ul>\n<p>(5) Widerspruchsrecht<br \/>\nFalls Sie die Speicherung dieser Cookies nicht w\u00fcnschen, k\u00f6nnen Sie die Annahme von Cookies in Ihrem Internetbrowser deaktivieren. Dies kann jedoch zu Funktionseinschr\u00e4nkungen unserer Webseite f\u00fchren. Dauerhaft gespeicherte Cookies k\u00f6nnen Sie jederzeit \u00fcber Ihren Browser l\u00f6schen.<\/p>\n<p><b>\u00a7 4 Newsletter<\/b><\/p>\n<p>(1) Verarbeitungszweck<br \/>\nWenn Sie sich f\u00fcr unseren Newsletter anmelden, verwenden wir Ihre E-Mail-Adresse f\u00fcr Werbezwecke (z.\u202fB. Informationen zu unseren Produkten). Wir k\u00f6nnen zu statistischen Zwecken auswerten, welche Links im Newsletter geklickt werden, jedoch ohne R\u00fcckschluss auf eine bestimmte Person.<\/p>\n<p>(2) Rechtsgrundlage<br \/>\nRechtsgrundlage f\u00fcr diese Verarbeitung ist Art.\u202f6 Abs.\u202f1\u202fa) DSGVO (Einwilligung).<\/p>\n<p>(3) Empf\u00e4ngerkategorien<\/p>\n<ul>\n<li>Ggf. Newsletter-Versanddienstleister<\/li>\n<\/ul>\n<p>(4) Speicherdauer<br \/>\nIhre E-Mail-Adresse wird f\u00fcr den Newsletter-Versand nur f\u00fcr die Dauer Ihrer Anmeldung gespeichert.<\/p>\n<p>(5) Widerrufsrecht<br \/>\nSie k\u00f6nnen Ihre Einwilligung zum Erhalt des Newsletters jederzeit mit Wirkung f\u00fcr die Zukunft widerrufen. Wenn Sie den Newsletter nicht mehr erhalten m\u00f6chten, k\u00f6nnen Sie sich beispielsweise \u00fcber den Abmeldelink im Newsletter oder per E-Mail abmelden.<\/p>\n<p><b>\u00a7 5 Ihre Rechte als Betroffener<\/b><\/p>\n<p>Werden personenbezogene Daten von Ihnen verarbeitet, sind Sie Betroffener im Sinne der DSGVO. Ihnen stehen gegen\u00fcber uns als Verantwortlichem die folgenden Rechte zu:<\/p>\n<ol>\n<li>Recht auf Auskunft (Art.\u202f15 DSGVO)<br \/>\nSie haben das Recht, Auskunft \u00fcber Ihre von uns verarbeiteten personenbezogenen Daten zu verlangen.<\/li>\n<li>Recht auf Berichtigung (Art.\u202f16 DSGVO)<br \/>\nSollten die bei uns gespeicherten personenbezogenen Daten falsch oder unvollst\u00e4ndig sein, k\u00f6nnen Sie eine Berichtigung oder Vervollst\u00e4ndigung verlangen.<\/li>\n<li>Recht auf L\u00f6schung (Art.\u202f17 DSGVO)<br \/>\nUnter den Voraussetzungen des Art.\u202f17 DSGVO k\u00f6nnen Sie die L\u00f6schung Ihrer personenbezogenen Daten verlangen.<\/li>\n<li>Recht auf Einschr\u00e4nkung der Verarbeitung (Art.\u202f18 DSGVO)<br \/>\nSie haben das Recht, unter bestimmten Bedingungen die Einschr\u00e4nkung der Verarbeitung Ihrer personenbezogenen Daten zu verlangen.<\/li>\n<li>Recht auf Daten\u00fcbertragbarkeit (Art.\u202f20 DSGVO)<br \/>\nSie haben das Recht, die Sie betreffenden personenbezogenen Daten, die Sie uns bereitgestellt haben, in einem strukturierten, g\u00e4ngigen und maschinenlesbaren Format zu erhalten oder \u2013 sofern technisch machbar \u2013 die \u00dcbermittlung an einen anderen Verantwortlichen zu verlangen.<\/li>\n<li>Recht auf Widerruf einer Einwilligung (Art.\u202f7 Abs.\u202f3 DSGVO)<br \/>\nSie haben das Recht, eine bereits erteilte Einwilligung in die Verarbeitung Ihrer personenbezogenen Daten jederzeit mit Wirkung f\u00fcr die Zukunft zu widerrufen. Die bis zum Widerruf erfolgte Verarbeitung bleibt rechtm\u00e4\u00dfig.<\/li>\n<li>Recht auf Beschwerde bei einer Aufsichtsbeh\u00f6rde (Art.\u202f77 DSGVO)<br \/>\nSind Sie der Ansicht, dass die Verarbeitung Ihrer personenbezogenen Daten gegen die DSGVO verst\u00f6\u00dft, steht Ihnen das Recht auf Beschwerde bei einer Aufsichtsbeh\u00f6rde (insbesondere in dem Mitgliedstaat Ihres Aufenthaltsorts, Ihres Arbeitsplatzes oder des Orts des mutma\u00dflichen Versto\u00dfes) zu.<\/li>\n<\/ol>\n<p><b>Widerspruchsrecht nach Art.\u202f21 DSGVO<\/b><\/p>\n<ol>\n<li>Allgemeiner Widerspruch (Art.\u202f21 Abs.\u202f1 DSGVO)<br \/>\nWerden Ihre personenbezogenen Daten auf Grundlage von Art.\u202f6 Abs.\u202f1\u202ff) DSGVO (Verarbeitung zur Wahrung eines berechtigten Interesses) oder Art.\u202f6 Abs.\u202f1\u202fe) DSGVO (Verarbeitung im \u00f6ffentlichen Interesse) verarbeitet, haben Sie das Recht, jederzeit aus Gr\u00fcnden, die sich aus Ihrer besonderen Situation ergeben, der Verarbeitung zu widersprechen.<br \/>\nIm Fall Ihres begr\u00fcndeten Widerspruchs verarbeiten wir Ihre Daten nicht mehr, es sei denn, wir k\u00f6nnen zwingende schutzw\u00fcrdige Gr\u00fcnde f\u00fcr die Verarbeitung nachweisen, die Ihre Interessen, Rechte und Freiheiten \u00fcberwiegen, oder die Verarbeitung dient der Geltendmachung, Aus\u00fcbung oder Verteidigung von Rechtsanspr\u00fcchen.<\/li>\n<li>Widerspruch gegen Direktwerbung (Art.\u202f21 Abs.\u202f2 DSGVO)<br \/>\nWerden Ihre personenbezogenen Daten verarbeitet, um Direktwerbung zu betreiben, haben Sie das Recht, jederzeit ohne Angabe von Gr\u00fcnden Widerspruch gegen diese Verarbeitung einzulegen; dies gilt auch f\u00fcr das Profiling, soweit es mit solcher Direktwerbung in Verbindung steht. Im Falle Ihres Widerspruchs werden Ihre Daten nicht mehr zu diesem Zweck verarbeitet.<\/li>\n<\/ol>\n<p><b>Verantwortlicher f\u00fcr die Datenverarbeitung<\/b><\/p>\n<p><strong>Impressum<\/strong><\/p>\n<p><strong data-start=\"87\" data-end=\"108\">Neseftalik s.r.o.<\/strong><br data-start=\"108\" data-end=\"111\" \/>\u010c: 197 42 649<br data-start=\"124\" data-end=\"127\" \/>Sitz: Pra\u017e\u00e1kova 1008\/69<br data-start=\"150\" data-end=\"153\" \/>639 00 Brno \u2013 \u0160t\u00fd\u0159ice<br data-start=\"174\" data-end=\"177\" \/>Tschechien<\/p>\n","protected":false},"excerpt":{"rendered":"<p>Datenschutz DATENSCHUTZERKL\u00c4RUNG \u00a7 1 Allgemeines Ihre personenbezogenen Daten (z.\u202fB. Anrede, Name, Anschrift, E-Mail-Adresse, Telefonnummer, Bankverbindung, Kreditkartennummer) werden von uns nur gem\u00e4\u00df den Bestimmungen der Datenschutz-Grundverordnung (DSGVO)sowie weiterer anwendbarer datenschutzrechtlicher Vorschriften der Europ\u00e4ischen Union und ggf. nationaler Gesetze verarbeitet. Die nachfolgenden Vorschriften informieren Sie \u00fcber die Verarbeitungszwecke, Empf\u00e4nger, Rechtsgrundlagen und Speicherfristen sowie \u00fcber Ihre Rechte und &hellip; <\/p>\n<p class=\"more-link-wrap\"><a href=\"http:\/\/vitafyra.com\/?page_id=8432\" class=\"more-link\"><i class=\"opal-icon-plus\" aria-hidden=\"true\"><\/i><span>Read More<span class=\"screen-reader-text\"> &#8222;Datenschutz&#8220;<\/span><\/span><\/a><\/p>\n","protected":false},"author":1,"featured_media":0,"parent":0,"menu_order":0,"comment_status":"closed","ping_status":"closed","template":"","meta":{"inline_featured_image":false,"footnotes":""},"class_list":["post-8432","page","type-page","status-publish","hentry"],"_links":{"self":[{"href":"http:\/\/vitafyra.com\/index.php?rest_route=\/wp\/v2\/pages\/8432","targetHints":{"allow":["GET"]}}],"collection":[{"href":"http:\/\/vitafyra.com\/index.php?rest_route=\/wp\/v2\/pages"}],"about":[{"href":"http:\/\/vitafyra.com\/index.php?rest_route=\/wp\/v2\/types\/page"}],"author":[{"embeddable":true,"href":"http:\/\/vitafyra.com\/index.php?rest_route=\/wp\/v2\/users\/1"}],"replies":[{"embeddable":true,"href":"http:\/\/vitafyra.com\/index.php?rest_route=%2Fwp%2Fv2%2Fcomments&post=8432"}],"version-history":[{"count":5,"href":"http:\/\/vitafyra.com\/index.php?rest_route=\/wp\/v2\/pages\/8432\/revisions"}],"predecessor-version":[{"id":8532,"href":"http:\/\/vitafyra.com\/index.php?rest_route=\/wp\/v2\/pages\/8432\/revisions\/8532"}],"wp:attachment":[{"href":"http:\/\/vitafyra.com\/index.php?rest_route=%2Fwp%2Fv2%2Fmedia&parent=8432"}],"curies":[{"name":"wp","href":"https:\/\/api.w.org\/{rel}","templated":true}]}}