{"id":8376,"date":"2025-02-05T19:42:14","date_gmt":"2025-02-05T18:42:14","guid":{"rendered":"http:\/\/vitafyra.com\/?post_type=product&#038;p=8376"},"modified":"2025-02-05T19:48:09","modified_gmt":"2025-02-05T18:48:09","slug":"griffonia-rhodiola-rosea-happy-formula-100-natuerliche-gluecksformel","status":"publish","type":"product","link":"http:\/\/vitafyra.com\/?product=griffonia-rhodiola-rosea-happy-formula-100-natuerliche-gluecksformel","title":{"rendered":"Griffonia &#038; Rhodiola Rosea HAPPY FORMULA &#8211; 100% nat\u00fcrliche Gl\u00fccksformel"},"content":{"rendered":"<h2>\u00a0 <img fetchpriority=\"high\" decoding=\"async\" class=\"alignnone size-full wp-image-8377\" src=\"http:\/\/vitafyra.com\/wp-content\/uploads\/2025\/02\/0f71062e-555e-4e02-b8d3-35859f4a179a.__CR00970600_PT0_SX970_V1___.jpg\" alt=\"\" width=\"970\" height=\"600\" srcset=\"http:\/\/vitafyra.com\/wp-content\/uploads\/2025\/02\/0f71062e-555e-4e02-b8d3-35859f4a179a.__CR00970600_PT0_SX970_V1___.jpg 970w, http:\/\/vitafyra.com\/wp-content\/uploads\/2025\/02\/0f71062e-555e-4e02-b8d3-35859f4a179a.__CR00970600_PT0_SX970_V1___-300x186.jpg 300w, http:\/\/vitafyra.com\/wp-content\/uploads\/2025\/02\/0f71062e-555e-4e02-b8d3-35859f4a179a.__CR00970600_PT0_SX970_V1___-768x475.jpg 768w, http:\/\/vitafyra.com\/wp-content\/uploads\/2025\/02\/0f71062e-555e-4e02-b8d3-35859f4a179a.__CR00970600_PT0_SX970_V1___-700x433.jpg 700w, http:\/\/vitafyra.com\/wp-content\/uploads\/2025\/02\/0f71062e-555e-4e02-b8d3-35859f4a179a.__CR00970600_PT0_SX970_V1___-600x371.jpg 600w\" sizes=\"(max-width: 970px) 100vw, 970px\" \/> <img decoding=\"async\" class=\"alignnone size-full wp-image-8378\" src=\"http:\/\/vitafyra.com\/wp-content\/uploads\/2025\/02\/ad32183d-1561-43c6-b95a-d4066d5d3162.__CR00970600_PT0_SX970_V1___.jpg\" alt=\"\" width=\"970\" height=\"600\" srcset=\"http:\/\/vitafyra.com\/wp-content\/uploads\/2025\/02\/ad32183d-1561-43c6-b95a-d4066d5d3162.__CR00970600_PT0_SX970_V1___.jpg 970w, http:\/\/vitafyra.com\/wp-content\/uploads\/2025\/02\/ad32183d-1561-43c6-b95a-d4066d5d3162.__CR00970600_PT0_SX970_V1___-300x186.jpg 300w, http:\/\/vitafyra.com\/wp-content\/uploads\/2025\/02\/ad32183d-1561-43c6-b95a-d4066d5d3162.__CR00970600_PT0_SX970_V1___-768x475.jpg 768w, http:\/\/vitafyra.com\/wp-content\/uploads\/2025\/02\/ad32183d-1561-43c6-b95a-d4066d5d3162.__CR00970600_PT0_SX970_V1___-700x433.jpg 700w, http:\/\/vitafyra.com\/wp-content\/uploads\/2025\/02\/ad32183d-1561-43c6-b95a-d4066d5d3162.__CR00970600_PT0_SX970_V1___-600x371.jpg 600w\" sizes=\"(max-width: 970px) 100vw, 970px\" \/> <img decoding=\"async\" class=\"alignnone size-full wp-image-8379\" src=\"http:\/\/vitafyra.com\/wp-content\/uploads\/2025\/02\/d6ff4207-36f8-44ba-9ad5-ec98347c07f1.__CR00970600_PT0_SX970_V1___.jpg\" alt=\"\" width=\"970\" height=\"600\" srcset=\"http:\/\/vitafyra.com\/wp-content\/uploads\/2025\/02\/d6ff4207-36f8-44ba-9ad5-ec98347c07f1.__CR00970600_PT0_SX970_V1___.jpg 970w, http:\/\/vitafyra.com\/wp-content\/uploads\/2025\/02\/d6ff4207-36f8-44ba-9ad5-ec98347c07f1.__CR00970600_PT0_SX970_V1___-300x186.jpg 300w, http:\/\/vitafyra.com\/wp-content\/uploads\/2025\/02\/d6ff4207-36f8-44ba-9ad5-ec98347c07f1.__CR00970600_PT0_SX970_V1___-768x475.jpg 768w, http:\/\/vitafyra.com\/wp-content\/uploads\/2025\/02\/d6ff4207-36f8-44ba-9ad5-ec98347c07f1.__CR00970600_PT0_SX970_V1___-700x433.jpg 700w, http:\/\/vitafyra.com\/wp-content\/uploads\/2025\/02\/d6ff4207-36f8-44ba-9ad5-ec98347c07f1.__CR00970600_PT0_SX970_V1___-600x371.jpg 600w\" sizes=\"(max-width: 970px) 100vw, 970px\" \/><\/h2>\n<h2>Wichtige Informationen<\/h2>\n<div class=\"a-section content\">\n<h4>Warnhinweise<\/h4>\n<p>&nbsp;<\/p>\n<p>Nicht bei gleichzeitiger Einnahme von Antidepressiva verwenden. Aufgrund unzureichend vorhandener Studien sollte auf den Verzehr von Griffonia in der Schwangerschaft und Stillzeit verzichtet werden.<\/p>\n<p>&nbsp;<\/p>\n<\/div>\n<div class=\"a-section content\">\n<h4>Bestandteile<\/h4>\n<p>&nbsp;<\/p>\n<p>Griffonia Samenextrakt, Rhodiola Rosea Wurzelextrakt, Hydroxypropylmethylcellulose (Kapselh\u00fclle)<\/p>\n<p>&nbsp;<\/p>\n<\/div>\n<div class=\"a-section content\">\n<h4>Gebrauchsanweisung<\/h4>\n<p>&nbsp;<\/p>\n<p>2x t\u00e4glich eine Kapsel morgens und mittags mit etwas Fl\u00fcssigkeit nach den Mahlzeiten einnehmen.<\/p>\n<\/div>\n","protected":false},"excerpt":{"rendered":"<h2 class=\"a-size-base-plus a-text-bold\"><\/h2>\n<ul class=\"a-unordered-list a-vertical a-spacing-mini\">\n<li class=\"a-spacing-mini\"><span class=\"a-list-item\"><span class=\"a-list-item\">HAPPY FORMULA &#8211; Griffonia liefert dem K\u00f6rper die nat\u00fcrliche Vorstufe von Serotonin. Das Gl\u00fcckshormon Serotonin beeinflusst positiv unsere Stimmung &amp; den Schlaf-Wach-Rhythmus des K\u00f6rpers.<\/span><\/span>&nbsp;<\/li>\n<li class=\"a-spacing-mini\"><span class=\"a-list-item\"><span class=\"a-list-item\">STRESSREDUKTION &#8211; Die Rosenwurz Rhodiola Rosea Kapseln sind eine nat\u00fcrliche Alternative zur Stressbew\u00e4ltigung. Sie k\u00f6nnen den K\u00f6rper dabei unterst\u00fctzen, sich besser an Stresssituationen anzupassen.<\/span><\/span>&nbsp;<\/li>\n<li class=\"a-spacing-mini\"><span class=\"a-list-item\"><span class=\"a-list-item\">NAT\u00dcRLICHKEIT &#8211; Wir verk\u00f6rpern 100% Natur. Deswegen benutzen wir f\u00fcr Ruhepol-Kapseln eine vegane Formulierung &amp; verzichten auf unerw\u00fcnschte Zusatzstoffe, Gluten, Hefe, Lactose, Gelatine.<\/span><\/span>&nbsp;<\/li>\n<li class=\"a-spacing-mini\"><span class=\"a-list-item\"><span class=\"a-list-item\">UMWELTFREUNDLICH &#8211; F\u00fcr eine gesunde Erde benutzen wir nur recycelte PET-Flaschen f\u00fcr unsere Griffonia &amp; Rosenwurz-Kapseln &#8211; Au\u00dferdem pflanzen wir mit edenprojects zusammen f\u00fcr jede Bestellung einen Baum.<\/span><\/span>&nbsp;<\/li>\n<li class=\"a-spacing-mini\"><span class=\"a-list-item\">CODE VITAL &#8211; Wir stehen f\u00fcr Nahrungserg\u00e4nzungsmittel, die h\u00f6chste Qualit\u00e4tsstandards verfolgen, regional in \u00d6STERREICH produziert werden &amp; auf h\u00f6chstes fachliches Wissen bauen.<\/span><\/li>\n<\/ul>\n","protected":false},"featured_media":8383,"comment_status":"open","ping_status":"closed","template":"","meta":{"inline_featured_image":false},"product_brand":[],"product_cat":[15,90],"product_tag":[],"class_list":{"0":"post-8376","1":"product","2":"type-product","3":"status-publish","4":"has-post-thumbnail","6":"product_cat-uncategorized","7":"product_cat-alle-produkte","9":"first","10":"instock","11":"shipping-taxable","12":"purchasable","13":"product-type-simple"},"_links":{"self":[{"href":"http:\/\/vitafyra.com\/index.php?rest_route=\/wp\/v2\/product\/8376","targetHints":{"allow":["GET"]}}],"collection":[{"href":"http:\/\/vitafyra.com\/index.php?rest_route=\/wp\/v2\/product"}],"about":[{"href":"http:\/\/vitafyra.com\/index.php?rest_route=\/wp\/v2\/types\/product"}],"replies":[{"embeddable":true,"href":"http:\/\/vitafyra.com\/index.php?rest_route=%2Fwp%2Fv2%2Fcomments&post=8376"}],"wp:featuredmedia":[{"embeddable":true,"href":"http:\/\/vitafyra.com\/index.php?rest_route=\/wp\/v2\/media\/8383"}],"wp:attachment":[{"href":"http:\/\/vitafyra.com\/index.php?rest_route=%2Fwp%2Fv2%2Fmedia&parent=8376"}],"wp:term":[{"taxonomy":"product_brand","embeddable":true,"href":"http:\/\/vitafyra.com\/index.php?rest_route=%2Fwp%2Fv2%2Fproduct_brand&post=8376"},{"taxonomy":"product_cat","embeddable":true,"href":"http:\/\/vitafyra.com\/index.php?rest_route=%2Fwp%2Fv2%2Fproduct_cat&post=8376"},{"taxonomy":"product_tag","embeddable":true,"href":"http:\/\/vitafyra.com\/index.php?rest_route=%2Fwp%2Fv2%2Fproduct_tag&post=8376"}],"curies":[{"name":"wp","href":"https:\/\/api.w.org\/{rel}","templated":true}]}}